{"id":2,"date":"2016-02-29T08:22:36","date_gmt":"2016-02-29T08:22:36","guid":{"rendered":"http:\/\/iap.interactive-progress.pl\/?page_id=2"},"modified":"2022-06-24T09:21:35","modified_gmt":"2022-06-24T09:21:35","slug":"sample-page","status":"publish","type":"page","link":"https:\/\/bmok.eu\/pl_PL\/","title":{"rendered":"Kilka s\u0142\u00f3w o naszej firmie"},"content":{"rendered":"<div class=\"main-page-gall container\">\n<div class=\"col-sm-3 col-xs-12\"><a href=\"https:\/\/bmok.eu\/wp-content\/uploads\/2016\/02\/1.jpg\" target=\"blank\" rel=\"noopener\"><br \/><img loading=\"lazy\" decoding=\"async\" class=\"alignnone size-full wp-image-11\" src=\"https:\/\/bmok.eu\/wp-content\/uploads\/2016\/02\/1.jpg\" alt=\"bmok firma sprzedaz czesci\" width=\"800\" height=\"533\" \/><\/a><\/div>\n<div class=\"col-sm-3 col-xs-12\"><a href=\"https:\/\/bmok.eu\/wp-content\/uploads\/2016\/02\/6.jpg\" target=\"blank\" rel=\"noopener\"><br \/><img loading=\"lazy\" decoding=\"async\" class=\"alignnone size-full wp-image-9\" src=\"https:\/\/bmok.eu\/wp-content\/uploads\/2016\/02\/6.jpg\" alt=\"\" width=\"800\" height=\"531\" \/><\/a><\/div>\n<div class=\"col-sm-3 col-xs-12\"><a href=\"https:\/\/bmok.eu\/wp-content\/uploads\/2016\/02\/7.jpg\" target=\"blank\" rel=\"noopener\"><br \/><img loading=\"lazy\" decoding=\"async\" class=\"alignnone size-full wp-image-10\" src=\"https:\/\/bmok.eu\/wp-content\/uploads\/2016\/02\/7.jpg\" alt=\"bmw bmok czesci\" width=\"800\" height=\"533\" \/><\/a><\/div>\n<div class=\"col-sm-3 col-xs-12\"><a href=\"https:\/\/bmok.eu\/wp-content\/uploads\/2016\/02\/8.jpg\" target=\"blank\" rel=\"noopener\"><br \/><img loading=\"lazy\" decoding=\"async\" class=\"alignnone size-full wp-image-8\" src=\"https:\/\/bmok.eu\/wp-content\/uploads\/2016\/02\/8.jpg\" alt=\"bmok czesci do bmw\" width=\"800\" height=\"531\" \/><\/a><\/div>\n<\/div>\n<p><span style=\"font-size: 20px;\">Witamy na stronie firmy <b>Eurotrade<\/b>.<\/span><\/p>\n<p>Nasza firma powsta\u0142a w 1997 roku i od tego czasu zajmuje si\u0119 handlem cz\u0119\u015bciami nowymi i u\u017cywanymi do samochod\u00f3w marki BMW.<\/p>\n<p>Oczywi\u015bcie nasze do\u015bwiadczenie w zakresie marki BMW jest d\u0142u\u017csze, promujemy j\u0105 od 1993 roku, od kiedy to nawi\u0105zali\u015bmy kontakty z serwisami i firmami z Europy zachodniej dzia\u0142aj\u0105cymi w tej bran\u017cy.<\/p>\n<p>Od 2004 roku, jako jedna z nielicznych firm w Polsce, zostali\u015bmy zaproszeni do wsp\u00f3\u0142pracy z monachijskim oddzia\u0142em fabryk bmw zajmuj\u0105cym si\u0119 sprzeda\u017c\u0105 cz\u0119\u015bci z aut testowych. Wi\u0119kszo\u015b\u0107 naszych cz\u0119\u015bci posiada udokumentowany przebieg i pochodzenie (jest to bardzo wa\u017cne przy sprzeda\u017cy cz\u0119\u015bci eksploatacyjnych, jak zawieszenia, ogumienie czy silniki lub skrzynie bieg\u00f3w).<\/p>\n<p>Zaopatrujemy si\u0119 r\u00f3wnie\u017c w najwi\u0119kszych europejskich firmach zajmuj\u0105cych si\u0119 recyklingiem samochod\u00f3w bmw.<\/p>\n","protected":false},"excerpt":{"rendered":"<div class=\"main-page-gall container\">\n<div class=\"col-sm-3 col-xs-12\"><a href=\"https:\/\/bmok.eu\/wp-content\/uploads\/2016\/02\/1.jpg\" target=\"blank\" rel=\"noopener\"><br \/><img decoding=\"async\" class=\"alignnone size-full wp-image-11\" src=\"https:\/\/bmok.eu\/wp-content\/uploads\/...\n<\/p>\n","protected":false},"author":1,"featured_media":0,"parent":0,"menu_order":0,"comment_status":"closed","ping_status":"closed","template":"","meta":{"footnotes":""},"class_list":["post-2","page","type-page","status-publish","hentry"],"_links":{"self":[{"href":"https:\/\/bmok.eu\/pl_PL\/wp-json\/wp\/v2\/pages\/2","targetHints":{"allow":["GET"]}}],"collection":[{"href":"https:\/\/bmok.eu\/pl_PL\/wp-json\/wp\/v2\/pages"}],"about":[{"href":"https:\/\/bmok.eu\/pl_PL\/wp-json\/wp\/v2\/types\/page"}],"author":[{"embeddable":true,"href":"https:\/\/bmok.eu\/pl_PL\/wp-json\/wp\/v2\/users\/1"}],"replies":[{"embeddable":true,"href":"https:\/\/bmok.eu\/pl_PL\/wp-json\/wp\/v2\/comments?post=2"}],"version-history":[{"count":32,"href":"https:\/\/bmok.eu\/pl_PL\/wp-json\/wp\/v2\/pages\/2\/revisions"}],"predecessor-version":[{"id":1748,"href":"https:\/\/bmok.eu\/pl_PL\/wp-json\/wp\/v2\/pages\/2\/revisions\/1748"}],"wp:attachment":[{"href":"https:\/\/bmok.eu\/pl_PL\/wp-json\/wp\/v2\/media?parent=2"}],"curies":[{"name":"wp","href":"https:\/\/api.w.org\/{rel}","templated":true}]}}